{"id":3,"date":"2022-12-22T13:09:08","date_gmt":"2022-12-22T12:09:08","guid":{"rendered":"https:\/\/dasglueckskind.at\/?page_id=3"},"modified":"2023-03-14T15:40:51","modified_gmt":"2023-03-14T14:40:51","slug":"datenschutzerklaerung","status":"publish","type":"page","link":"https:\/\/dasglueckskind.at\/en\/datenschutzerklaerung\/","title":{"rendered":"Datenschutzerkl\u00e4rung"},"content":{"rendered":"\t\t<div data-elementor-type=\"wp-page\" data-elementor-id=\"3\" class=\"elementor elementor-3\">\n\t\t\t\t\t\t<section class=\"elementor-section elementor-top-section elementor-element elementor-element-4eeedced elementor-section-boxed elementor-section-height-default elementor-section-height-default\" data-id=\"4eeedced\" data-element_type=\"section\">\n\t\t\t\t\t\t<div class=\"elementor-container elementor-column-gap-default\">\n\t\t\t\t\t<div class=\"elementor-column elementor-col-100 elementor-top-column elementor-element elementor-element-6491ff50\" data-id=\"6491ff50\" data-element_type=\"column\">\n\t\t\t<div class=\"elementor-widget-wrap elementor-element-populated\">\n\t\t\t\t\t\t<div class=\"elementor-element elementor-element-8952737 elementor-widget elementor-widget-heading\" data-id=\"8952737\" data-element_type=\"widget\" data-widget_type=\"heading.default\">\n\t\t\t\t<div class=\"elementor-widget-container\">\n\t\t\t\t\t<h2 class=\"elementor-heading-title elementor-size-default\">Datenschutzerkl\u00e4rung<\/h2>\t\t\t\t<\/div>\n\t\t\t\t<\/div>\n\t\t\t\t<div class=\"elementor-element elementor-element-aa02ccd elementor-widget elementor-widget-text-editor\" data-id=\"aa02ccd\" data-element_type=\"widget\" data-widget_type=\"text-editor.default\">\n\t\t\t\t<div class=\"elementor-widget-container\">\n\t\t\t\t\t\t\t\t\t<p><\/p>\n<p class=\"p1\">f\u00fcr Besucher und Nutzer der Website sowie Empf\u00e4nger unseres E-Mail-Newsletters.<\/p>\n<p class=\"p1\">Der Schutz Ihrer pers\u00f6nlichen Daten ist uns ein besonderes Anliegen. Wir verarbeiten Ihre Daten daher ausschlie\u00dflich auf Grundlage der gesetzlichen Bestimmungen (z.B. DSGVO, DSG, TKG 2003). In diesen Datenschutzinformationen informieren wir Sie \u00fcber die wichtigsten Aspekte der Datenverarbeitung im Rahmen der Nutzung unserer Website.<\/p>\n<p class=\"p1\">Anmerkung: Im Interesse der Lesbarkeit und Verst\u00e4ndlichkeit verzichten wir auf gegenderte Wortendungen; im Sinne der Gleichbehandlung der Geschlechter gelten m\u00e4nnliche Formen, wie z.B. der Kunde, der Lieferant jeweils f\u00fcr beide Geschlechter.<\/p>\n<p><\/p>\n<h3 class=\"p1 wp-block-heading\"><br><\/h3><h3 class=\"p1\">F\u00fcr wen gilt diese Erkl\u00e4rung?<\/h3>\n<p class=\"p1\">Diese Datenschutzerkl\u00e4rung gilt f\u00fcr Besucher und Benutzer unserer Websites www.kugeltanz.atund www.dieallee.atsowie die Empf\u00e4nger der jeweiligen E-Mail-Newsletter. Wir informieren Sie damit \u00fcber Art, Umfang und Zweck der Erhebung und Verwendung Ihrer personenbezogenen Daten durch unser Unternehmen. Wir achten Ihre Privatsph\u00e4re und sind bestrebt, die gesetzlichen Vorgaben f\u00fcr die Verarbeitung Ihrer personenbezogenen Daten genau einzuhalten. Ihre personenbezogenen Daten werden ausschlie\u00dflich im Rahmen der Bestimmungen der Datenschutzgrundverordnung sowie des DSG 2018 verarbeitet.<\/p>\n<p class=\"p1\">Die Datenschutzinformationen f\u00fcr Kunden bzw. Lieferanten und Gesch\u00e4ftskontakte finden Sie unter den folgenden Links:<\/p>\n<ul>\n<li class=\"p1\">Datenschutzinformation f\u00fcr Kunden<\/li>\n<li class=\"p1\">Datenschutzinformation f\u00fcr Lieferanten und Gesch\u00e4ftskontakte<\/li>\n<\/ul>\n<h3>&nbsp;<\/h3>\n<h3 class=\"p1\"><br><\/h3><h3 class=\"p1\">Wer ist f\u00fcr die Datenverarbeitungen und den Schutz Ihrer Daten verantwortlich?<\/h3>\n<p class=\"p1\">Verantwortlicher f\u00fcr die Datenverarbeitung: Strike Bowling GmbH,Erdbergstrasse 10\/67, 1030 Wien,<\/p>\n<p class=\"p1\">FN 95273h.<\/p>\n<p class=\"p1\">Kontaktperson f\u00fcr Datenschutzangelegenheiten: Ing. Marcus Konegger, MA, E-Mail: datenschutz@litus.at<\/p>\n<p><\/p>\n<h3 class=\"p1\"><br><\/h3><h3 class=\"p1\">Welche personenbezogenen Daten werden von uns verarbeitet?<\/h3>\n<p class=\"p1\">Wir verarbeiten personenbezogene Daten, die Sie uns durch den Aufruf und bei der Nutzung der Website, durch Angaben, etwa im Rahmen einer Anfrage oder Registrierung oder zur Bestellung des Newsletters zur Verf\u00fcgung stellen.<\/p>\n<p class=\"p1\">Im Zuge Ihres Besuches dieser Website werden wir zus\u00e4tzlich folgende Informationen erheben: Das Datum und die Uhrzeit des Aufrufs einer Seite auf unserer Website, Ihre IP-Adresse, Name und Version Ihres Web-Browsers, die Webseite (URL), die Sie vor dem Aufruf dieser Website besucht haben, bestimmte Cookies (siehe unten) und jene Informationen, die Sie uns selbst durch Ausf\u00fcllen eines Kontakt- oder Bestellformulars zur Verf\u00fcgung stellen.<\/p>\n<p class=\"p1\">Im Rahmen des Newsletter-Versands verarbeiten wir Ihre Stamm- und Kontaktdaten sowie allf\u00e4llige Informationen zu Ihren Interessen, die Sie uns im Rahmen der Anfrage oder Korrespondenz zur Verf\u00fcgung gestellt haben, sowie die Korrespondenz selbst.<\/p>\n<p class=\"p1\">Es besteht keine Verpflichtung, jene Daten, um deren Angabe wir Sie auf unserer Website bitten, tats\u00e4chlich anzugeben. Wenn Sie dies jedoch nicht tun, wird es Ihnen eventuell nicht m\u00f6glich sein, alle Funktionen der Website zu nutzen.<\/p>\n<p><\/p>\n<h3 class=\"p1\"><br><\/h3><h3 class=\"p1\">F\u00fcr welche Zwecke verarbeiten wir Ihre Daten?<\/h3>\n<p class=\"p1\">Soweit Sie uns als Nutzer unserer Website personenbezogene Daten zur Verf\u00fcgung gestellt haben, verwenden wir diese nur zur Beantwortung Ihrer Anfragen, zur Vorbereitung oder Abwicklung von Vertr\u00e4gen und f\u00fcr die technische Administration. Ihre Zugriffs- und Verweildaten verwenden wir ausschlie\u00dflich zu statistischen Zwecken im Zuge der Optimierung unseres Webauftritts.<\/p>\n<p class=\"p1\">Sind Sie Adressat von Werbema\u00dfnahmen (z.B. Empf\u00e4nger einer gew\u00fcnschten Information, Newsletter), verarbeiten wir Ihre personenbezogenen Daten nur in dem Umfang bzw. solange es zur Umsetzung unserer Werbema\u00dfnahmen oder Ihrer gew\u00fcnschten Information erforderlich ist bzw. solange, bis Sie der Verarbeitung widersprechen oder Ihre Einwilligung, z.B. zum Empfang des Newsletters, widerrufen.<\/p>\n<p><\/p>\n<h3 class=\"p1\">Auf welcher Rechtsgrundlage verarbeiten wir Ihre Daten?<\/h3>\n<p class=\"p1\">Rechtsgrundlage f\u00fcr die Verarbeitung personenbezogener Daten zu Zwecken der statistischen Auswertung der Effizienz unserer Website und Online-Werbema\u00dfnahmen ist unser berechtigtes Interesse. Sie k\u00f6nnen durch entsprechende Einstellungen in ihrem Webbrowser oder sonstige Anonymisierungstools die Erfassung Ihrer Daten durch uns oder von uns beauftragte Dienste (z.B. Google Analytics) ganz oder teilweise verhindern. Beachten Sie dazu weiter unten die entsprechenden speziellen Datenschutzhinweise.<\/p>\n<p class=\"p1\">Rechtsgrundlage f\u00fcr die Zusendung unseres E-Mail-Newsletters ist Ihre Einwilligung bzw. unser berechtigtes Interesse, unsere Kunden \u00fcber unsere Angebote und Leistungen zu informieren bzw. diese zu bewerben. Sie k\u00f6nnen Ihre Einwilligung f\u00fcr k\u00fcnftige Zusendungen jederzeit ohne Begr\u00fcndung widerrufen bzw. der Zusendung widersprechen. In beiden F\u00e4llen gen\u00fcgt die Abmeldung vom Newsletter \u00fcber den am Ende jedes E-Mail-Newsletters eingef\u00fcgten Abmelde-Link.<\/p>\n<p class=\"p1\">In Streitf\u00e4llen oder zur Vermeidung von negativen Rechtsfolgen kommen auch unsere berechtigten Interessen bzw. die berechtigten Interessen Dritter zur Wahrung von Rechten als Rechtsgrundlage f\u00fcr eine Verarbeitung Ihrer Daten infrage.<\/p>\n<p><\/p>\n<h3 class=\"p1\"><br><\/h3><h3 class=\"p1\">Wer ist m\u00f6glicherweise Empf\u00e4nger Ihrer Daten?<\/h3>\n<p class=\"p1\">Daten, die Sie uns als Nutzer der Website zur Verf\u00fcgung gestellt haben oder die von einem von uns beauftragten Dienst erhoben werden, werden ausschlie\u00dflich zur statistischen Auswertung an die beauftragten Dienste (z.B. Google Analytics \u2013 n\u00e4here Erl\u00e4uterung dazu finden Sie in einem eigenen Abschnitt weiter unten) weitergegeben. Unsererseits findet keine Speicherung Ihrer personenbezogenen technischen Daten wie IP-Adresse, zuvor besuchte Website, Verweildauer, besuchte Seiten etc. statt.<\/p>\n<p class=\"p1\">Wir \u00fcbermitteln ihre Daten, sofern es erforderlich ist und wir dazu berechtigt sind, ausschlie\u00dflich an Unternehmen, Beh\u00f6rden oder Organisationen, welche per Gesetz oder Vertrag zur Einhaltung der \u00f6sterreichischen bzw. europ\u00e4ischen Datenschutzgesetze gezwungen sind bzw. sich diesen unterworfen haben.<\/p>\n<p class=\"p1\">Wir \u00fcbermitteln, mit Ausnahme von Beh\u00f6rden im Rahmen gesetzlicher Verpflichtungen oder in gerichtlichem Auftrag, keine personenbezogenen Daten an Empf\u00e4nger, die damit eigene Zwecke verfolgen.<\/p>\n<p class=\"p1\">Im Zuge der informationstechnischen Abwicklung k\u00f6nnen personenbezogene Daten an Empf\u00e4nger (z.B. Auftragsverarbeiter) au\u00dferhalb der europ\u00e4ischen Union \u00fcbermittelt werden. Das Datenschutzniveau in anderen L\u00e4ndern entspricht unter Umst\u00e4nden nicht dem der EU. Wir \u00fcbermitteln Ihre personenbezogenen Daten jedoch nur in L\u00e4nder, f\u00fcr welche die EU-Kommission entschieden hat, dass sie \u00fcber ein angemessenes Datenschutzniveau verf\u00fcgen oder wir setzen Ma\u00dfnahmen, um zu gew\u00e4hrleisten, dass alle Empf\u00e4nger ein angemessenes Datenschutzniveau haben. Dazu schlie\u00dfen wir beispielsweise Standardvertragsklauseln (2010\/87\/EC und\/oder 2004\/915\/EC) ab.<\/p>\n<p class=\"p1\">Auf unseren Websites werden sogenannte Social Media Plugins von sozialen Netzwerken wie Facebook, Google+, Twitter, Pinterest, YouTube und Instagram eingesetzt. Sofern Sie die von den Plugins angezeigten Funktionen (z.B. Likes) nutzen, werden Daten an das jeweilige Netzwerk \u00fcbertragen. Unter Umst\u00e4nden kann es zur Anzeige der Funktionen auf der Website bereits bei deren Aufruf erforderlich sein, Ihre IP-Adresse an den vom Plugin dazu genutzten Server zu \u00fcbermitteln. Bitte beachten Sie dazu die separaten Hinweise weiter unten.<\/p>\n<p class=\"p1\">Zur Anzeige von Inhalten verwendet diese Website Google Web Fonts sowie Google Maps. Bitte beachten Sie dazu den jeweiligen Abschnitt weiter unten.<\/p>\n<p class=\"p1\">Wir verwenden zum Versand unseres Newsletters das Service von Tablex Gastro Software GmbH, Lassersdorf 10, 4201 Gramastetten, \u00d6sterreich. Bei der Registrierung werden Ihre Daten an Tablex \u00fcbermittelt und gespeichert. An andere Dritte werden Ihre Daten nicht weitergegeben.<\/p>\n<p class=\"p1\">Reservierungen werden \u00fcber das Service von Tablex Gastro Software GmbH, Lassersdorf 10, 4201 Gramastetten, \u00d6sterreich abgewickelt. Bei der Reservierung werden Ihre Daten an Tablex \u00fcbermittelt und gespeichert.<\/p>\n<p><\/p>\n<h3 class=\"p1\"><br><\/h3><h3 class=\"p1\">Wie lange speichern wir Ihre Daten?<\/h3>\n<p class=\"p1\">Ihre personenbezogenen Daten werden von uns nur so lange aufbewahrt, wie dies vern\u00fcnftigerweise von uns als n\u00f6tig erachtet wird, um die oben genannten Zwecke zu erreichen und wie dies nach anwendbarem Recht zul\u00e4ssig ist.<\/p>\n<p class=\"p1\">Erhalten Sie unseren Newsletter auf Basis Ihrer Einwilligung, speichern wir Ihre Daten bis zu Ihrem allf\u00e4lligen Widerruf. Erhalten Sie unseren Newsletter, weil wir Sie als Kunde f\u00fchren, l\u00f6schen wir Ihre Daten aus dem E-Mail-Verteiler, sobald Sie sich vom Newsletter abmelden. Ihre Kundendaten speichern wir zum Zweck der Kundenbetreuung weiter, bis Sie entweder deren L\u00f6schung beantragen oder \u00fcber einen Zeitraum vom mindestens 3 Jahren nicht mehr als Kunde in einem unserer Betriebe namentlich erfasst wurden.<\/p>\n<p class=\"p1\">Dar\u00fcber hinaus speichern wir personenbezogene Daten, wenn es zur Wahrung oder Durchsetzung von Rechten und berechtigten Interessen unseres Unternehmens oder Dritter erforderlich ist.<\/p>\n<p class=\"p1\">Daten, die nicht mehr ben\u00f6tigt werden oder f\u00fcr deren Verarbeitung eine erforderliche Einwilligung widerrufen wurde, werden von uns unverz\u00fcglich und endg\u00fcltig gel\u00f6scht.<\/p>\n<p><\/p>\n<h3 class=\"p1\"><br><\/h3><h3 class=\"p1\">Welche Rechte k\u00f6nnen Sie bez\u00fcglich Ihrer Daten geltend machen?<\/h3>\n<p class=\"p1\">Sie haben das Recht, Auskunft \u00fcber Ihre von uns verarbeiteten Daten und Kopien dieser Daten zu erhalten. Weiters k\u00f6nnen Sie von uns die Berichtigung, Erg\u00e4nzung, die L\u00f6schung oder die \u00dcbertragung von Daten verlangen sowie Ihrer Ansicht nach unzul\u00e4ssigen oder nicht f\u00fcr die Vertragserf\u00fcllung erforderlichen Verarbeitungen Ihrer personenbezogenen Daten widersprechen oder diese einschr\u00e4nken.<\/p>\n<p><\/p>\n<h3 class=\"p1\"><br><\/h3><h3 class=\"p1\">Wann k\u00f6nnen Sie eine Einwilligung widerrufen bzw. wann m\u00fcssen Sie uns Daten zur Verf\u00fcgung stellen?<\/h3>\n<p class=\"p1\">Verarbeiten wir Ihre Daten auf der Grundlage Ihrer Einwilligung, z.B. f\u00fcr die Zusendung eines Newsletters, so k\u00f6nnen Sie diese jederzeit widerrufen. Der Widerruf hat keine Auswirkung auf die Rechtm\u00e4\u00dfigkeit der bis zu diesem Zeitpunkt erfolgten Verarbeitungen.<\/p>\n<p class=\"p1\">Verarbeiten wir Ihre Daten aus einem anderen Rechtsgrund, z.B. auf Basis einer Vertragsbeziehung oder einer gesetzlichen Verpflichtung, so m\u00fcssen Sie uns die f\u00fcr die Vertragserf\u00fcllung oder Erf\u00fcllung der rechtlichen Verpflichtung erforderlichen Daten zur Verf\u00fcgung stellen. Andernfalls k\u00f6nnen wir entweder unsere vertraglichen oder gesetzlichen Verpflichtungen Ihnen oder Dritten gegen\u00fcber nicht oder nicht vollst\u00e4ndig erf\u00fcllen bzw. sind wir unter Umst\u00e4nden zum R\u00fccktritt und zu Schadenersatzforderungen berechtigt.<\/p>\n<p><\/p>\n<h3 class=\"p1\"><br><\/h3><h3 class=\"p1\">Welche Beh\u00f6rde ist f\u00fcr die Kontrolle zust\u00e4ndig?<\/h3>\n<p class=\"p1\">Wenn Sie annehmen, dass bei der Verarbeitung Ihrer Daten gesetzliche Bestimmungen verletzt werden, haben Sie das Recht, sich bei der \u00f6sterreichischen Datenschutzbeh\u00f6rde zu beschweren.<\/p>\n<p class=\"p1\">Wir ersuchen Sie, sich mit Ihrem Anliegen zun\u00e4chst an unsere Kontaktperson zu wenden: Ing. Marcus Konegger, BA, E-Mail: datenschutz@rsg-group.at<\/p>\n<p><\/p>\n<h3 class=\"p1\"><br><\/h3><h3 class=\"p1\">Werden automatisierte Entscheidungsverfahren bzw. Profiling angewandt?<\/h3>\n<p class=\"p1\">Wir wenden keine automatisierten Entscheidungsverfahren und kein Profiling auf Ihre Daten an.<\/p>\n<p><\/p>\n<h3 class=\"p1\"><br><\/h3><h3 class=\"p1\">Cookies<\/h3>\n<p class=\"p1\">Unsere Internetseite verwendet Cookies. Cookies sind kleine Textdateien, die beim Besuch einer Internetseite verschickt und auf der Festplatte des Nutzers der Website und\/oder Kunden zwischengespeichert werden. Wird der entsprechende Server unserer Webseite erneut vom Nutzer der Website und\/oder Kunden aufgerufen, sendet der Browser des Nutzers der Website und\/oder des Kunden das zuvor empfangene Cookie wieder zur\u00fcck an den Server. Der Server kann dann die durch diese Prozedur erhaltenen Informationen auf verschiedene Arten auswerten. Durch Cookies k\u00f6nnen z.B. Werbeeinblendungen gesteuert oder das Navigieren auf einer Internetseite erleichtert werden. Wenn der Nutzer der Website und\/oder Kunde die Nutzung von Cookies unterbinden will, kann er dies durch lokale Vornahme der \u00c4nderungen seiner Einstellungen in dem auf seinem Computer verwendeten Internetbrowser, also dem Programm zum \u00d6ffnen und Anzeigen von Internetseiten (z.B. Internet Explorer, Google Chrome, Mozilla Firefox, Opera oder Safari) tun. Beachten Sie bitte, dass das Blockieren oder L\u00f6schen von Cookies Ihre Online-Erfahrung beeintr\u00e4chtigen und Sie daran hindern k\u00f6nnte, unsere Websites vollst\u00e4ndig zu nutzen.<\/p>\n<p><\/p>\n<h3 class=\"p1\"><br><\/h3><h3 class=\"p1\">Google Analytics<\/h3>\n<p class=\"p1\">Diese Website benutzt Google Analytics, einen Webanalysedienst von Google Inc., 1600 Amphitheatre Parkway, Mountain View, CA 94043, USA (\u201cGoogle\u201d). Google Analytics verwendet sog. \u201cCookies\u201d, Textdateien, die auf Ihrem Computer gespeichert werden und eine Analyse Ihrer Nutzung der Website erm\u00f6glichen. Wir verarbeiten Ihre Daten auf Grundlage unseres \u00fcberwiegenden berechtigten Interesses, auf kosteneffiziente Weise eine leicht zu verwendende Website-Zugriffsstatistik zu erstellen (Art. 6 Abs. 1 lit f DSGVO).<\/p>\n<p class=\"p1\">Die durch das Cookie erzeugten Informationen \u00fcber Ihre Nutzung dieser Website (einschlie\u00dflich Ihrer IP-Adresse und die URLs der aufgerufenen Webseiten) werden an Server von Google in den USA \u00fcbertragen und dort gespeichert. Wir speichern keine Ihrer Daten, die in Zusammenhang mit Google Analytics erhoben werden.<\/p>\n<p class=\"p1\">Diese Website verwendet die von Google Analytics gebotene M\u00f6glichkeit der IP-Anonymisierung. Ihre IP-Adresse wird daher von Google gek\u00fcrzt\/anonymisiert, sobald Google Ihre IP-Adresse erh\u00e4lt. In unserem Auftrag wird Google diese Informationen verwenden, um Ihre Nutzung der Website auszuwerten, um Reports \u00fcber die Websiteaktivit\u00e4ten zusammenzustellen und um weitere mit der Websitenutzung und der Internetnutzung verbundene Dienstleistungen an uns zu erbringen. Die im Rahmen von Google Analytics von Ihrem Browser \u00fcbermittelte IP-Adresse wird von Google nicht mit anderen Daten zusammengef\u00fchrt.<\/p>\n<p class=\"p1\">Sie k\u00f6nnen die Speicherung der Cookies durch eine entsprechende Einstellung Ihrer Browser-Software verhindern. Wir weisen Sie jedoch darauf hin, dass Sie in diesem Fall unter Umst\u00e4nden nicht s\u00e4mtliche Funktionen dieser Website vollumf\u00e4nglich nutzen k\u00f6nnen. Sie k\u00f6nnen dar\u00fcber hinaus verhindern, dass Google Ihre Daten in Zusammenhang mit Google Analytics erhebt, indem Sie das unter dem folgenden Link verf\u00fcgbare Browser-Plugin herunterladen und installieren: http:\/\/tools.google.com\/dlpage\/gaoptout?hl=de.<\/p>\n<p class=\"p1\">N\u00e4here Informationen zu den Nutzungsbedingungen von Google sowie Googles Datenschutzerkl\u00e4rung finden Sie unter http:\/\/www.google.com\/analytics\/terms\/de.html bzw. unter https:\/\/www.google.at\/intl\/at\/policies.<\/p>\n<p><\/p>\n<h3 class=\"p1\"><br><\/h3><h3 class=\"p1\">Google Web Fonts<\/h3>\n<p class=\"p1\">Diese Website benutzt Google Web Fonts. Beim Seitenaufruf werden die ben\u00f6tigten Fonts in ihren Browsercache geladen, falls sie dort noch nicht vorhanden sind (z.B. nach dem Besuch einer anderen Website, die dieselben Fonts verwendet), um Texte und Schriftarten korrekt anzuzeigen. Zu diesem Zweck werden Ihre IP-Adresse und je nach angeforderter Darstellung weitere technische Informationen an speziell dazu von Google eingerichtete Server \u00fcbertragen. Diese Daten werden von Google nicht mit Userdaten aus anderen Google-Services verkn\u00fcpft. Google Fonts setzt keine Cookies ein. Die Nutzung von Google Web Fonts erfolgt im Interesse einer einheitlichen und ansprechenden Darstellung unserer Website (berechtigtes Interesse im Sinne von Art. 6 Abs. 1 lit. f DSGVO). Wenn Ihr Browser Web Fonts nicht unterst\u00fctzt, werden Texte in einer von ihrem System unterst\u00fctzten Standardschriftart dargestellt. N\u00e4here Informationen zur Verarbeitung Ihrer Daten bei der Bereitstellung von Web Fonts durch Google finden Sie unter https:\/\/developers.google.com\/fonts\/faqund in der Datenschutzerkl\u00e4rung von Google: https:\/\/www.google.com\/policies\/privacy.<\/p>\n<p><\/p>\n<h3 class=\"p1\"><br><\/h3><h3 class=\"p1\">Social Plugins<\/h3>\n<p class=\"p1\">Auf unseren Websites werden sogenannte Social Media Plugins sozialer Netzwerke wie Facebook, Google+, Twitter, Pinterest, YouTube und Instagram eingesetzt. Diese Plugins sind kleine Programme von Drittanbietern, die beim Aufruf der Website geladen werden und eine Verbindung zu Ihrem Browser unter Verwendung Ihrer IP-Adresse und eventuell weiterer Browsermerkmale herstellen, damit die jeweiligen Schaltfl\u00e4chen (z.B. Facebook-Likes, oder Instagram-Kamerasymbol) sowie Inhalte korrekt in die Darstellung der Website eingebunden werden. Unter Umst\u00e4nden kann bereits bei Seitenaufruf eine Verbindung zu einem Social Network hergestellt werden, um Inhalte einzubinden, sodass in diesem Fall bereits zu diesem Zeitpunkt Ihre IP-Adresse und andere Browsermerkmale an das Social Network \u00fcbermittelt werden.<\/p>\n<p class=\"p1\">Sp\u00e4testens wenn Sie eine Social Media Schaltfl\u00e4che anklicken, werden Ihre Adress- und Browserdaten an das jeweilige Social Network \u00fcbermittelt.<\/p>\n<p class=\"p1\">Sind Sie zugleich bei dem jeweiligen Social Network eingeloggt, kann es den Besuch unserer Website Ihrem Profil<\/p>\n<p class=\"p1\">unmittelbar zuordnen. Wenn Sie mit den Plugins interagieren, zum Beispiel eine Like- oder sonstigen Button bet\u00e4tigen, wird die entsprechende Information ebenfalls direkt an den jeweiligen Network-Server \u00fcbermittelt und dort gespeichert. Die Informationen werden au\u00dferdem entsprechend Ihren sonstigen Einstellungen auf Ihrem Network-Account ver\u00f6ffentlicht und Ihren Kontakten angezeigt.<\/p>\n<p class=\"p1\">Zweck und Umfang der Datenerhebung und die weitere Verarbeitung und Nutzung der Daten durch Social Networks sowie Ihre diesbez\u00fcglichen Rechte und Einstellungsm\u00f6glichkeiten zum Schutz Ihrer Privatsph\u00e4re entnehmen Sie bitte den jeweiligen Datenschutzhinweisen der Anbieter.<\/p>\n<p class=\"p1\">Wenn Sie nicht m\u00f6chten, dass Social Networks die \u00fcber unseren Webauftritt gesammelten Daten unmittelbar Ihrem Profil zuordnen, empfehlen wir Ihnen, sich vor dem Besuch unserer Website aus ihren jeweiligen Accounts auszuloggen. Sie k\u00f6nnen das Laden von Social Plugins auch mit Add-Ons f\u00fcr Ihren Browser komplett verhindern, z. B. mit dem Skript-Blocker \u201eNoScript\u201c (http:\/\/noscript.net\/).<\/p>\n<p><\/p>\n<h3 class=\"p1\"><br><\/h3><h3 class=\"p1\">Google Maps<\/h3>\n<p class=\"p1\">Unsere Website verwendet Google Maps zur Kartendarstellung, dabei werden personenbezogene Daten wie IP-Adresse, Browserinformationen und, sofern in Ihrem Ger\u00e4t freigegeben, Standortdaten an Google \u00fcbermittelt und dort zum Zwecke der Darstellung und Nutzungsauswertung verarbeitet. N\u00e4here Informationen \u00fcber die Datenverarbeitung durch Google entnehmen Sie bitte den Datenschutzhinweisen von Google entnehmen: https:\/\/www.google.com\/policies\/privacy. Dort haben Sie auch die M\u00f6glichkeit, Einstellungen bez\u00fcglich Ihrer Privatsph\u00e4re f\u00fcr alle Google-Services vorzunehmen.<\/p>\n<p><\/p>\t\t\t\t\t\t\t\t<\/div>\n\t\t\t\t<\/div>\n\t\t\t\t\t<\/div>\n\t\t<\/div>\n\t\t\t\t\t<\/div>\n\t\t<\/section>\n\t\t\t\t<\/div>\n\t\t","protected":false},"excerpt":{"rendered":"<p>Datenschutzerkl\u00e4rung f\u00fcr Besucher und Nutzer der Website sowie Empf\u00e4nger unseres E-Mail-Newsletters. Der Schutz Ihrer pers\u00f6nlichen Daten ist uns ein besonderes Anliegen. Wir verarbeiten Ihre Daten daher ausschlie\u00dflich auf Grundlage der gesetzlichen Bestimmungen (z.B. DSGVO, DSG, TKG 2003). In diesen Datenschutzinformationen informieren wir Sie \u00fcber die wichtigsten Aspekte der Datenverarbeitung im Rahmen der Nutzung unserer Website. [&hellip;]<\/p>\n","protected":false},"author":1,"featured_media":0,"parent":0,"menu_order":0,"comment_status":"closed","ping_status":"closed","template":"elementor_header_footer","meta":{"footnotes":""},"class_list":["post-3","page","type-page","status-publish","hentry"],"_links":{"self":[{"href":"https:\/\/dasglueckskind.at\/en\/wp-json\/wp\/v2\/pages\/3","targetHints":{"allow":["GET"]}}],"collection":[{"href":"https:\/\/dasglueckskind.at\/en\/wp-json\/wp\/v2\/pages"}],"about":[{"href":"https:\/\/dasglueckskind.at\/en\/wp-json\/wp\/v2\/types\/page"}],"author":[{"embeddable":true,"href":"https:\/\/dasglueckskind.at\/en\/wp-json\/wp\/v2\/users\/1"}],"replies":[{"embeddable":true,"href":"https:\/\/dasglueckskind.at\/en\/wp-json\/wp\/v2\/comments?post=3"}],"version-history":[{"count":45,"href":"https:\/\/dasglueckskind.at\/en\/wp-json\/wp\/v2\/pages\/3\/revisions"}],"predecessor-version":[{"id":7781,"href":"https:\/\/dasglueckskind.at\/en\/wp-json\/wp\/v2\/pages\/3\/revisions\/7781"}],"wp:attachment":[{"href":"https:\/\/dasglueckskind.at\/en\/wp-json\/wp\/v2\/media?parent=3"}],"curies":[{"name":"wp","href":"https:\/\/api.w.org\/{rel}","templated":true}]}}