{"id":2771,"date":"2023-02-09T15:51:56","date_gmt":"2023-02-09T14:51:56","guid":{"rendered":"https:\/\/dasglueckskind.at\/?page_id=2771"},"modified":"2025-09-04T12:06:38","modified_gmt":"2025-09-04T10:06:38","slug":"private-events","status":"publish","type":"page","link":"https:\/\/dasglueckskind.at\/en\/private-events\/","title":{"rendered":"IHR EVENT"},"content":{"rendered":"\t\t<div data-elementor-type=\"wp-page\" data-elementor-id=\"2771\" class=\"elementor elementor-2771\">\n\t\t\t\t\t\t<section class=\"elementor-section elementor-top-section elementor-element elementor-element-7ce2613 elementor-section-full_width elementor-section-height-min-height elementor-section-height-default elementor-section-items-middle\" data-id=\"7ce2613\" data-element_type=\"section\" data-settings=\"{&quot;background_background&quot;:&quot;classic&quot;}\">\n\t\t\t\t\t\t\t<div class=\"elementor-background-overlay\"><\/div>\n\t\t\t\t\t\t\t<div class=\"elementor-container elementor-column-gap-default\">\n\t\t\t\t\t<div class=\"elementor-column elementor-col-100 elementor-top-column elementor-element elementor-element-c973166\" data-id=\"c973166\" data-element_type=\"column\">\n\t\t\t<div class=\"elementor-widget-wrap elementor-element-populated\">\n\t\t\t\t\t\t<section class=\"elementor-section elementor-inner-section elementor-element elementor-element-13823d4 elementor-section-full_width elementor-section-height-full elementor-section-height-default\" data-id=\"13823d4\" data-element_type=\"section\">\n\t\t\t\t\t\t<div class=\"elementor-container elementor-column-gap-default\">\n\t\t\t\t\t<div class=\"elementor-column elementor-col-50 elementor-inner-column elementor-element elementor-element-41ec5d3\" data-id=\"41ec5d3\" data-element_type=\"column\">\n\t\t\t<div class=\"elementor-widget-wrap elementor-element-populated\">\n\t\t\t\t\t\t<div class=\"elementor-element elementor-element-42d8de2 elementor-widget__width-initial elementor-widget elementor-widget-heading\" data-id=\"42d8de2\" data-element_type=\"widget\" data-widget_type=\"heading.default\">\n\t\t\t\t<div class=\"elementor-widget-container\">\n\t\t\t\t\t<h1 class=\"elementor-heading-title elementor-size-default\">Ein Gl\u00fcckskind kommt selten allein.<\/h1>\t\t\t\t<\/div>\n\t\t\t\t<\/div>\n\t\t\t\t\t<\/div>\n\t\t<\/div>\n\t\t\t\t<div class=\"elementor-column elementor-col-50 elementor-inner-column elementor-element elementor-element-11c8b22\" data-id=\"11c8b22\" data-element_type=\"column\">\n\t\t\t<div class=\"elementor-widget-wrap\">\n\t\t\t\t\t\t\t<\/div>\n\t\t<\/div>\n\t\t\t\t\t<\/div>\n\t\t<\/section>\n\t\t\t\t\t<\/div>\n\t\t<\/div>\n\t\t\t\t\t<\/div>\n\t\t<\/section>\n\t\t\t\t<section class=\"elementor-section elementor-top-section elementor-element elementor-element-654e3ca elementor-section-boxed elementor-section-height-default elementor-section-height-default\" data-id=\"654e3ca\" data-element_type=\"section\">\n\t\t\t\t\t\t<div class=\"elementor-container elementor-column-gap-default\">\n\t\t\t\t\t<div class=\"elementor-column elementor-col-100 elementor-top-column elementor-element elementor-element-7e0fb37\" data-id=\"7e0fb37\" data-element_type=\"column\">\n\t\t\t<div class=\"elementor-widget-wrap\">\n\t\t\t\t\t\t\t<\/div>\n\t\t<\/div>\n\t\t\t\t\t<\/div>\n\t\t<\/section>\n\t\t\t\t<section class=\"elementor-section elementor-top-section elementor-element elementor-element-6fcf685 elementor-section-boxed elementor-section-height-default elementor-section-height-default\" data-id=\"6fcf685\" data-element_type=\"section\">\n\t\t\t\t\t\t<div class=\"elementor-container elementor-column-gap-default\">\n\t\t\t\t\t<div class=\"elementor-column elementor-col-100 elementor-top-column elementor-element elementor-element-df3de8b\" data-id=\"df3de8b\" data-element_type=\"column\">\n\t\t\t<div class=\"elementor-widget-wrap elementor-element-populated\">\n\t\t\t\t\t\t<div class=\"elementor-element elementor-element-0bbd87f elementor-widget__width-initial elementor-invisible elementor-widget elementor-widget-text-editor\" data-id=\"0bbd87f\" data-element_type=\"widget\" data-settings=\"{&quot;_animation&quot;:&quot;fadeIn&quot;}\" data-widget_type=\"text-editor.default\">\n\t\t\t\t<div class=\"elementor-widget-container\">\n\t\t\t\t\t\t\t\t\t<h2 style=\"font-weight: 400;\"><strong>FEIERN SIE MIT UNS<br \/><\/strong>firmenevents, geburtstage, polterabende und mehr!\u00a0<\/h2><p style=\"font-weight: 400;\"><strong><br \/>bis 16 personen:<\/strong> Men\u00fc oder a la Carte. Freie Getr\u00e4nkeauswahl. \u00a0Getr\u00e4nke-Packages. Wein- und Champagner-Begleitung auf Wunsch. An allen \u00d6ffnungstagen.<\/p><p><strong>ab 16 &#8211; 30 personen:<\/strong> Family Style Dinner (Food-Sharing). Freie Getr\u00e4nkeauswahl. Eigene Cocktailkarte. Getr\u00e4nke-Packages. Wein- und Champagner-Begleitung auf Wunsch. An allen \u00d6ffnungstagen.\u00a0<\/p><p><strong>bis 120 personen:<\/strong> Flying Dinner. Freie Getr\u00e4nkeauswahl. eigene Cocktailkarte. Getr\u00e4nke-Packages. Wein- und Champagner-Begleitung auf Wunsch.\u00a0<span style=\"font-size: 1rem;\">Exklusive Location.<\/span><\/p><p>Special offers: Dj | S\u00e4nger\/in | Musiker\/in | Magic-Shows | Fotograf | Videograf<\/p><p><a href=\"mailto:info@dasglueckskind.at\">info@dasglueckskind.at<\/a><\/p><h3>\u00a0<\/h3>\t\t\t\t\t\t\t\t<\/div>\n\t\t\t\t<\/div>\n\t\t\t\t<div class=\"elementor-element elementor-element-4a8a6e0 elementor-widget__width-initial elementor-invisible elementor-widget elementor-widget-text-editor\" data-id=\"4a8a6e0\" data-element_type=\"widget\" data-settings=\"{&quot;_animation&quot;:&quot;fadeIn&quot;}\" data-widget_type=\"text-editor.default\">\n\t\t\t\t<div class=\"elementor-widget-container\">\n\t\t\t\t\t\t\t\t\t<h2 style=\"font-weight: 400;\"><strong>KONTAKTIEREN SIE UNS<\/strong><\/h2>\t\t\t\t\t\t\t\t<\/div>\n\t\t\t\t<\/div>\n\t\t\t\t<div class=\"elementor-element elementor-element-0114b95 elementor-widget elementor-widget-spacer\" data-id=\"0114b95\" data-element_type=\"widget\" data-widget_type=\"spacer.default\">\n\t\t\t\t<div class=\"elementor-widget-container\">\n\t\t\t\t\t\t\t<div class=\"elementor-spacer\">\n\t\t\t<div class=\"elementor-spacer-inner\"><\/div>\n\t\t<\/div>\n\t\t\t\t\t\t<\/div>\n\t\t\t\t<\/div>\n\t\t\t\t<div class=\"elementor-element elementor-element-b0622ff elementor-widget__width-auto elementor-widget elementor-widget-image\" data-id=\"b0622ff\" data-element_type=\"widget\" data-widget_type=\"image.default\">\n\t\t\t\t<div class=\"elementor-widget-container\">\n\t\t\t\t\t\t\t\t\t\t\t\t\t\t\t<img decoding=\"async\" src=\"https:\/\/dasglueckskind.at\/wp-content\/uploads\/elementor\/thumbs\/key@4x-q0r5nt4hav28wux4cfdtkddg426e3zsa5phaxko1ga.png\" title=\"key@4x\" alt=\"key@4x\" loading=\"lazy\" \/>\t\t\t\t\t\t\t\t\t\t\t\t\t\t\t<\/div>\n\t\t\t\t<\/div>\n\t\t\t\t<section class=\"elementor-section elementor-inner-section elementor-element elementor-element-d5ac623 elementor-section-boxed elementor-section-height-default elementor-section-height-default\" data-id=\"d5ac623\" data-element_type=\"section\">\n\t\t\t\t\t\t<div class=\"elementor-container elementor-column-gap-default\">\n\t\t\t\t\t<div class=\"elementor-column elementor-col-100 elementor-inner-column elementor-element elementor-element-5420f9b\" data-id=\"5420f9b\" data-element_type=\"column\">\n\t\t\t<div class=\"elementor-widget-wrap elementor-element-populated\">\n\t\t\t\t\t\t<div class=\"elementor-element elementor-element-73e2c27 elementor-widget__width-inherit gk-form elementor-widget elementor-widget-wpforms\" data-id=\"73e2c27\" data-element_type=\"widget\" data-widget_type=\"wpforms.default\">\n\t\t\t\t<div class=\"elementor-widget-container\">\n\t\t\t\t\t<div class=\"wpforms-container wpforms-container-full\" id=\"wpforms-2838\"><form id=\"wpforms-form-2838\" class=\"wpforms-validate wpforms-form wpforms-ajax-form\" data-formid=\"2838\" method=\"post\" enctype=\"multipart\/form-data\" action=\"\/en\/wp-json\/wp\/v2\/pages\/2771\" data-token=\"640557caa6626c93c13712eb4ed6b041\"><noscript class=\"wpforms-error-noscript\">Please enable JavaScript in your browser to complete this form.<\/noscript><div class=\"wpforms-field-container\"><div id=\"wpforms-2838-field_1-container\" class=\"wpforms-field wpforms-field-text\" data-field-id=\"1\"><label class=\"wpforms-field-label\" for=\"wpforms-2838-field_1\">Name <span class=\"wpforms-required-label\">*<\/span><\/label><input type=\"text\" id=\"wpforms-2838-field_1\" class=\"wpforms-field-large wpforms-field-required\" name=\"wpforms[fields][1]\" required><\/div><div id=\"wpforms-2838-field_7-container\" class=\"wpforms-field wpforms-field-layout\" data-field-id=\"7\"><label class=\"wpforms-field-label wpforms-label-hide\" for=\"wpforms-2838-field_7\">Layout<\/label><div class=\"wpforms-field-layout-columns wpforms-field-layout-preset-67-33\"><div class=\"wpforms-layout-column wpforms-layout-column-67\"><div id=\"wpforms-2838-field_2-container\" class=\"wpforms-field wpforms-field-date-time\" data-field-id=\"2\"><label class=\"wpforms-field-label\" for=\"wpforms-2838-field_2\">Datum\/Zeit <span class=\"wpforms-required-label\">*<\/span><\/label><div class=\"wpforms-field-row wpforms-field-small\"><div class=\"wpforms-field-row-block wpforms-one-half wpforms-first\"><div class=\"wpforms-datepicker-wrap\"><input type=\"text\" id=\"wpforms-2838-field_2\" class=\"wpforms-field-date-time-date wpforms-datepicker wpforms-field-required\" data-date-format=\"m\/d\/Y\" data-disable-past-dates=\"1\" data-input=\"true\" name=\"wpforms[fields][2][date]\" required><a title=\"Clear Date\" data-clear class=\"wpforms-datepicker-clear\" style=\"display:none;\"><\/a><\/div><label for=\"wpforms-2838-field_2\" class=\"wpforms-field-sublabel after \">Date<\/label><\/div><div class=\"wpforms-field-row-block wpforms-one-half\"><input type=\"text\" id=\"wpforms-2838-field_2-time\" class=\"wpforms-field-date-time-time wpforms-timepicker wpforms-field-required\" data-time-format=\"g:i A\" data-step=\"30\" data-rule-time12h=\"true\" name=\"wpforms[fields][2][time]\" required><label for=\"wpforms-2838-field_2-time\" class=\"wpforms-field-sublabel after \">Time<\/label><\/div><\/div><\/div><\/div><div class=\"wpforms-layout-column wpforms-layout-column-33\"><div id=\"wpforms-2838-field_3-container\" class=\"wpforms-field wpforms-field-select wpforms-field-select-style-modern\" data-field-id=\"3\"><label class=\"wpforms-field-label\" for=\"wpforms-2838-field_3\">Anz. Personen <span class=\"wpforms-required-label\">*<\/span><\/label><select id=\"wpforms-2838-field_3\" class=\"wpforms-field-small wpforms-field-required choicesjs-select\" data-size-class=\"wpforms-field-row wpforms-field-small\" data-search-enabled=\"\" name=\"wpforms[fields][3]\" required=\"required\"><option value=\"\" class=\"placeholder\" disabled  selected='selected'>Anzahl ausw\u00e4hlen<\/option><option value=\"1-5\" >1-5<\/option><option value=\"6-10\" >6-10<\/option><option value=\"11-15\" >11-15<\/option><\/select><\/div><\/div><\/div><\/div><div id=\"wpforms-2838-field_4-container\" class=\"wpforms-field wpforms-field-email\" data-field-id=\"4\"><label class=\"wpforms-field-label\" for=\"wpforms-2838-field_4\">E-Mail-Adresse <span class=\"wpforms-required-label\">*<\/span><\/label><input type=\"email\" id=\"wpforms-2838-field_4\" class=\"wpforms-field-large wpforms-field-required\" name=\"wpforms[fields][4]\" required><\/div><div id=\"wpforms-2838-field_5-container\" class=\"wpforms-field wpforms-field-phone\" data-field-id=\"5\"><label class=\"wpforms-field-label\" for=\"wpforms-2838-field_5\">Telefon <span class=\"wpforms-required-label\">*<\/span><\/label><input type=\"tel\" id=\"wpforms-2838-field_5\" class=\"wpforms-field-large wpforms-field-required wpforms-smart-phone-field\" data-rule-smart-phone-field=\"true\" name=\"wpforms[fields][5]\" required><\/div><div id=\"wpforms-2838-field_6-container\" class=\"wpforms-field wpforms-field-textarea\" data-field-id=\"6\"><label class=\"wpforms-field-label\" for=\"wpforms-2838-field_6\">Anmerkung<\/label><textarea id=\"wpforms-2838-field_6\" class=\"wpforms-field-medium\" name=\"wpforms[fields][6]\" ><\/textarea><\/div><\/div><div class=\"wpforms-submit-container\"><input type=\"hidden\" name=\"wpforms[id]\" value=\"2838\"><input type=\"hidden\" name=\"wpforms[author]\" value=\"2\"><button type=\"submit\" name=\"wpforms[submit]\" id=\"wpforms-submit-2838\" class=\"wpforms-submit\" data-alt-text=\"Schicken...\" data-submit-text=\"Anfrage schicken\" aria-live=\"assertive\" value=\"wpforms-submit\">Anfrage schicken<\/button><img decoding=\"async\" src=\"https:\/\/dasglueckskind.at\/wp-content\/plugins\/wpforms\/assets\/images\/submit-spin.svg\" class=\"wpforms-submit-spinner\" style=\"display: none;\" width=\"26\" height=\"26\" alt=\"Loading\"><\/div><\/form><\/div>  <!-- .wpforms-container -->\t\t\t\t<\/div>\n\t\t\t\t<\/div>\n\t\t\t\t<div class=\"elementor-element elementor-element-5b8642d elementor-widget elementor-widget-spacer\" data-id=\"5b8642d\" data-element_type=\"widget\" data-widget_type=\"spacer.default\">\n\t\t\t\t<div class=\"elementor-widget-container\">\n\t\t\t\t\t\t\t<div class=\"elementor-spacer\">\n\t\t\t<div class=\"elementor-spacer-inner\"><\/div>\n\t\t<\/div>\n\t\t\t\t\t\t<\/div>\n\t\t\t\t<\/div>\n\t\t\t\t\t<\/div>\n\t\t<\/div>\n\t\t\t\t\t<\/div>\n\t\t<\/section>\n\t\t\t\t\t<\/div>\n\t\t<\/div>\n\t\t\t\t\t<\/div>\n\t\t<\/section>\n\t\t\t\t<section class=\"elementor-section elementor-top-section elementor-element elementor-element-3a54d9c elementor-section-full_width elementor-section-height-default elementor-section-height-default\" data-id=\"3a54d9c\" data-element_type=\"section\">\n\t\t\t\t\t\t<div class=\"elementor-container elementor-column-gap-default\">\n\t\t\t\t\t<div class=\"elementor-column elementor-col-100 elementor-top-column elementor-element elementor-element-4630391\" data-id=\"4630391\" data-element_type=\"column\">\n\t\t\t<div class=\"elementor-widget-wrap elementor-element-populated\">\n\t\t\t\t\t\t<section class=\"elementor-section elementor-inner-section elementor-element elementor-element-c888fe8 elementor-section-full_width elementor-section-height-default elementor-section-height-default\" data-id=\"c888fe8\" data-element_type=\"section\">\n\t\t\t\t\t\t<div class=\"elementor-container elementor-column-gap-no\">\n\t\t\t\t\t<div class=\"elementor-column elementor-col-33 elementor-inner-column elementor-element elementor-element-26e8941\" data-id=\"26e8941\" data-element_type=\"column\">\n\t\t\t<div class=\"elementor-widget-wrap elementor-element-populated\">\n\t\t\t\t\t\t<div class=\"elementor-element elementor-element-0b968ea elementor-widget elementor-widget-image\" data-id=\"0b968ea\" data-element_type=\"widget\" data-widget_type=\"image.default\">\n\t\t\t\t<div class=\"elementor-widget-container\">\n\t\t\t\t\t\t\t\t\t\t\t\t\t\t\t<img fetchpriority=\"high\" decoding=\"async\" width=\"683\" height=\"1024\" src=\"https:\/\/dasglueckskind.at\/wp-content\/uploads\/2023\/03\/party-5-683x1024.jpg\" class=\"attachment-large size-large wp-image-5804\" alt=\"\" srcset=\"https:\/\/dasglueckskind.at\/wp-content\/uploads\/2023\/03\/party-5-683x1024.jpg 683w, https:\/\/dasglueckskind.at\/wp-content\/uploads\/2023\/03\/party-5-200x300.jpg 200w, https:\/\/dasglueckskind.at\/wp-content\/uploads\/2023\/03\/party-5-768x1152.jpg 768w, https:\/\/dasglueckskind.at\/wp-content\/uploads\/2023\/03\/party-5-600x900.jpg 600w, https:\/\/dasglueckskind.at\/wp-content\/uploads\/2023\/03\/party-5.jpg 1000w\" sizes=\"(max-width: 683px) 100vw, 683px\" \/>\t\t\t\t\t\t\t\t\t\t\t\t\t\t\t<\/div>\n\t\t\t\t<\/div>\n\t\t\t\t\t<\/div>\n\t\t<\/div>\n\t\t\t\t<div class=\"elementor-column elementor-col-33 elementor-inner-column elementor-element elementor-element-9528c8f\" data-id=\"9528c8f\" data-element_type=\"column\">\n\t\t\t<div class=\"elementor-widget-wrap elementor-element-populated\">\n\t\t\t\t\t\t<div class=\"elementor-element elementor-element-c8d91e4 elementor-widget elementor-widget-image\" data-id=\"c8d91e4\" data-element_type=\"widget\" data-widget_type=\"image.default\">\n\t\t\t\t<div class=\"elementor-widget-container\">\n\t\t\t\t\t\t\t\t\t\t\t\t\t\t\t<img decoding=\"async\" width=\"683\" height=\"1024\" src=\"https:\/\/dasglueckskind.at\/wp-content\/uploads\/2023\/11\/CMP_9570-min-683x1024.jpg\" class=\"attachment-large size-large wp-image-6465\" alt=\"\" srcset=\"https:\/\/dasglueckskind.at\/wp-content\/uploads\/2023\/11\/CMP_9570-min-683x1024.jpg 683w, https:\/\/dasglueckskind.at\/wp-content\/uploads\/2023\/11\/CMP_9570-min-200x300.jpg 200w, https:\/\/dasglueckskind.at\/wp-content\/uploads\/2023\/11\/CMP_9570-min-768x1152.jpg 768w, https:\/\/dasglueckskind.at\/wp-content\/uploads\/2023\/11\/CMP_9570-min-1024x1536.jpg 1024w, https:\/\/dasglueckskind.at\/wp-content\/uploads\/2023\/11\/CMP_9570-min-1366x2048.jpg 1366w, https:\/\/dasglueckskind.at\/wp-content\/uploads\/2023\/11\/CMP_9570-min-600x900.jpg 600w, https:\/\/dasglueckskind.at\/wp-content\/uploads\/2023\/11\/CMP_9570-min.jpg 1667w\" sizes=\"(max-width: 683px) 100vw, 683px\" \/>\t\t\t\t\t\t\t\t\t\t\t\t\t\t\t<\/div>\n\t\t\t\t<\/div>\n\t\t\t\t\t<\/div>\n\t\t<\/div>\n\t\t\t\t<div class=\"elementor-column elementor-col-33 elementor-inner-column elementor-element elementor-element-b3269a5\" data-id=\"b3269a5\" data-element_type=\"column\">\n\t\t\t<div class=\"elementor-widget-wrap elementor-element-populated\">\n\t\t\t\t\t\t<div class=\"elementor-element elementor-element-f5c5de9 elementor-widget elementor-widget-image\" data-id=\"f5c5de9\" data-element_type=\"widget\" data-widget_type=\"image.default\">\n\t\t\t\t<div class=\"elementor-widget-container\">\n\t\t\t\t\t\t\t\t\t\t\t\t\t\t\t<img loading=\"lazy\" decoding=\"async\" width=\"683\" height=\"1024\" src=\"https:\/\/dasglueckskind.at\/wp-content\/uploads\/2023\/03\/party-7-683x1024.jpg\" class=\"attachment-large size-large wp-image-5808\" alt=\"\" srcset=\"https:\/\/dasglueckskind.at\/wp-content\/uploads\/2023\/03\/party-7-683x1024.jpg 683w, https:\/\/dasglueckskind.at\/wp-content\/uploads\/2023\/03\/party-7-200x300.jpg 200w, https:\/\/dasglueckskind.at\/wp-content\/uploads\/2023\/03\/party-7-768x1152.jpg 768w, https:\/\/dasglueckskind.at\/wp-content\/uploads\/2023\/03\/party-7-600x900.jpg 600w, https:\/\/dasglueckskind.at\/wp-content\/uploads\/2023\/03\/party-7.jpg 1000w\" sizes=\"(max-width: 683px) 100vw, 683px\" \/>\t\t\t\t\t\t\t\t\t\t\t\t\t\t\t<\/div>\n\t\t\t\t<\/div>\n\t\t\t\t\t<\/div>\n\t\t<\/div>\n\t\t\t\t\t<\/div>\n\t\t<\/section>\n\t\t\t\t<section class=\"elementor-section elementor-inner-section elementor-element elementor-element-683c3a5 elementor-section-full_width elementor-section-height-default elementor-section-height-default\" data-id=\"683c3a5\" data-element_type=\"section\">\n\t\t\t\t\t\t<div class=\"elementor-container elementor-column-gap-no\">\n\t\t\t\t\t<div class=\"elementor-column elementor-col-33 elementor-inner-column elementor-element elementor-element-fdbb2ec\" data-id=\"fdbb2ec\" data-element_type=\"column\">\n\t\t\t<div class=\"elementor-widget-wrap elementor-element-populated\">\n\t\t\t\t\t\t<div class=\"elementor-element elementor-element-eeed7af elementor-widget elementor-widget-image\" data-id=\"eeed7af\" data-element_type=\"widget\" data-widget_type=\"image.default\">\n\t\t\t\t<div class=\"elementor-widget-container\">\n\t\t\t\t\t\t\t\t\t\t\t\t\t\t\t<img loading=\"lazy\" decoding=\"async\" width=\"683\" height=\"1024\" src=\"https:\/\/dasglueckskind.at\/wp-content\/uploads\/2023\/01\/Nut-Berry-683x1024.jpg\" class=\"attachment-large size-large wp-image-6002\" alt=\"\" srcset=\"https:\/\/dasglueckskind.at\/wp-content\/uploads\/2023\/01\/Nut-Berry-683x1024.jpg 683w, https:\/\/dasglueckskind.at\/wp-content\/uploads\/2023\/01\/Nut-Berry-200x300.jpg 200w, https:\/\/dasglueckskind.at\/wp-content\/uploads\/2023\/01\/Nut-Berry-768x1152.jpg 768w, https:\/\/dasglueckskind.at\/wp-content\/uploads\/2023\/01\/Nut-Berry-1024x1536.jpg 1024w, https:\/\/dasglueckskind.at\/wp-content\/uploads\/2023\/01\/Nut-Berry-600x900.jpg 600w, https:\/\/dasglueckskind.at\/wp-content\/uploads\/2023\/01\/Nut-Berry.jpg 1280w\" sizes=\"(max-width: 683px) 100vw, 683px\" \/>\t\t\t\t\t\t\t\t\t\t\t\t\t\t\t<\/div>\n\t\t\t\t<\/div>\n\t\t\t\t\t<\/div>\n\t\t<\/div>\n\t\t\t\t<div class=\"elementor-column elementor-col-33 elementor-inner-column elementor-element elementor-element-8cd2bb3\" data-id=\"8cd2bb3\" data-element_type=\"column\">\n\t\t\t<div class=\"elementor-widget-wrap elementor-element-populated\">\n\t\t\t\t\t\t<div class=\"elementor-element elementor-element-c2a6555 elementor-widget elementor-widget-image\" data-id=\"c2a6555\" data-element_type=\"widget\" data-widget_type=\"image.default\">\n\t\t\t\t<div class=\"elementor-widget-container\">\n\t\t\t\t\t\t\t\t\t\t\t\t\t\t\t<img loading=\"lazy\" decoding=\"async\" width=\"683\" height=\"1024\" src=\"https:\/\/dasglueckskind.at\/wp-content\/uploads\/2023\/03\/club-13-683x1024.jpg\" class=\"attachment-large size-large wp-image-5233\" alt=\"\" srcset=\"https:\/\/dasglueckskind.at\/wp-content\/uploads\/2023\/03\/club-13-683x1024.jpg 683w, https:\/\/dasglueckskind.at\/wp-content\/uploads\/2023\/03\/club-13-200x300.jpg 200w, https:\/\/dasglueckskind.at\/wp-content\/uploads\/2023\/03\/club-13-768x1152.jpg 768w, https:\/\/dasglueckskind.at\/wp-content\/uploads\/2023\/03\/club-13-1024x1536.jpg 1024w, https:\/\/dasglueckskind.at\/wp-content\/uploads\/2023\/03\/club-13-1366x2048.jpg 1366w, https:\/\/dasglueckskind.at\/wp-content\/uploads\/2023\/03\/club-13-600x900.jpg 600w, https:\/\/dasglueckskind.at\/wp-content\/uploads\/2023\/03\/club-13.jpg 1667w\" sizes=\"(max-width: 683px) 100vw, 683px\" \/>\t\t\t\t\t\t\t\t\t\t\t\t\t\t\t<\/div>\n\t\t\t\t<\/div>\n\t\t\t\t\t<\/div>\n\t\t<\/div>\n\t\t\t\t<div class=\"elementor-column elementor-col-33 elementor-inner-column elementor-element elementor-element-67d247c\" data-id=\"67d247c\" data-element_type=\"column\">\n\t\t\t<div class=\"elementor-widget-wrap elementor-element-populated\">\n\t\t\t\t\t\t<div class=\"elementor-element elementor-element-0e1c58d elementor-widget elementor-widget-image\" data-id=\"0e1c58d\" data-element_type=\"widget\" data-widget_type=\"image.default\">\n\t\t\t\t<div class=\"elementor-widget-container\">\n\t\t\t\t\t\t\t\t\t\t\t\t\t\t\t<img loading=\"lazy\" decoding=\"async\" width=\"683\" height=\"1024\" src=\"https:\/\/dasglueckskind.at\/wp-content\/uploads\/2023\/03\/party-4-683x1024.jpg\" class=\"attachment-large size-large wp-image-5805\" alt=\"\" srcset=\"https:\/\/dasglueckskind.at\/wp-content\/uploads\/2023\/03\/party-4-683x1024.jpg 683w, https:\/\/dasglueckskind.at\/wp-content\/uploads\/2023\/03\/party-4-200x300.jpg 200w, https:\/\/dasglueckskind.at\/wp-content\/uploads\/2023\/03\/party-4-768x1152.jpg 768w, https:\/\/dasglueckskind.at\/wp-content\/uploads\/2023\/03\/party-4-600x900.jpg 600w, https:\/\/dasglueckskind.at\/wp-content\/uploads\/2023\/03\/party-4.jpg 1000w\" sizes=\"(max-width: 683px) 100vw, 683px\" \/>\t\t\t\t\t\t\t\t\t\t\t\t\t\t\t<\/div>\n\t\t\t\t<\/div>\n\t\t\t\t\t<\/div>\n\t\t<\/div>\n\t\t\t\t\t<\/div>\n\t\t<\/section>\n\t\t\t\t\t<\/div>\n\t\t<\/div>\n\t\t\t\t\t<\/div>\n\t\t<\/section>\n\t\t\t\t<\/div>\n\t\t","protected":false},"excerpt":{"rendered":"<p>Ein Gl\u00fcckskind kommt selten allein. FEIERN SIE MIT UNSfirmenevents, geburtstage, polterabende und mehr!\u00a0 bis 16 personen: Men\u00fc oder a la Carte. Freie Getr\u00e4nkeauswahl. \u00a0Getr\u00e4nke-Packages. Wein- und Champagner-Begleitung auf Wunsch. An allen \u00d6ffnungstagen. ab 16 &#8211; 30 personen: Family Style Dinner (Food-Sharing). Freie Getr\u00e4nkeauswahl. Eigene Cocktailkarte. Getr\u00e4nke-Packages. Wein- und Champagner-Begleitung auf Wunsch. An allen \u00d6ffnungstagen.\u00a0 bis [&hellip;]<\/p>\n","protected":false},"author":2,"featured_media":0,"parent":0,"menu_order":0,"comment_status":"closed","ping_status":"closed","template":"elementor_header_footer","meta":{"footnotes":""},"class_list":["post-2771","page","type-page","status-publish","hentry"],"_links":{"self":[{"href":"https:\/\/dasglueckskind.at\/en\/wp-json\/wp\/v2\/pages\/2771","targetHints":{"allow":["GET"]}}],"collection":[{"href":"https:\/\/dasglueckskind.at\/en\/wp-json\/wp\/v2\/pages"}],"about":[{"href":"https:\/\/dasglueckskind.at\/en\/wp-json\/wp\/v2\/types\/page"}],"author":[{"embeddable":true,"href":"https:\/\/dasglueckskind.at\/en\/wp-json\/wp\/v2\/users\/2"}],"replies":[{"embeddable":true,"href":"https:\/\/dasglueckskind.at\/en\/wp-json\/wp\/v2\/comments?post=2771"}],"version-history":[{"count":180,"href":"https:\/\/dasglueckskind.at\/en\/wp-json\/wp\/v2\/pages\/2771\/revisions"}],"predecessor-version":[{"id":7987,"href":"https:\/\/dasglueckskind.at\/en\/wp-json\/wp\/v2\/pages\/2771\/revisions\/7987"}],"wp:attachment":[{"href":"https:\/\/dasglueckskind.at\/en\/wp-json\/wp\/v2\/media?parent=2771"}],"curies":[{"name":"wp","href":"https:\/\/api.w.org\/{rel}","templated":true}]}}